{"id":7771,"date":"2020-06-02T08:14:36","date_gmt":"2020-06-02T11:14:36","guid":{"rendered":"http:\/\/delparquefm.com\/press\/?page_id=7771"},"modified":"2020-06-02T08:23:41","modified_gmt":"2020-06-02T11:23:41","slug":"medidas-para-empresas-covid-19","status":"publish","type":"page","link":"https:\/\/delparquefm.com\/press\/medidas-para-empresas-covid-19\/","title":{"rendered":"MEDIDAS PARA EMPRESAS COVID-19"},"content":{"rendered":"<p>TODAS LAS EMPRESAS CON EMPLEADOS<br \/>\nSUBSIDIO POR DESEMPLEO<br \/>\nSeguro de desempleo especial por reducci\u00f3n de horario (50% de reducci\u00f3n m\u00ednimo) o de jornales (6 jornales m\u00ednimo) para empleados mensuales. Se puede utilizar hasta el 31\/05\/2020.<br \/>\nSe extiende hasta el 30\/06\/2020<\/p>\n<p>RESOLUCI\u00d3N N\u00ba 143\/020 MTSS: https:\/\/www.ccisalto.com.uy\/sites\/default\/files\/2020-04\/Resolucion%20143-020%20MTSS%2018-03-2020.pdf<\/p>\n<p>RESOLUCI\u00d3N N\u00ba 163\/020 MTSS: https:\/\/www.ccisalto.com.uy\/sites\/default\/files\/2020-04\/Resolucion%20163-020%20MTSS%2020-03-2020.pdf<\/p>\n<p>RESOLUCION S\/N MTSS 03-04-2020: https:\/\/www.ccisalto.com.uy\/sites\/default\/files\/2020-04\/Resolucion%20S-N%20MTSS%2003-04-2020.pdf<\/p>\n<p>RESOLUCI\u00d3N N\u00ba 440\/020 MTSS: https:\/\/www.ccisalto.com.uy\/sites\/default\/files\/2020-06\/13.1-%20RESOLUCI%C3%93N%20MTSS%20440-2020.pdf<\/p>\n<p>ADELANTO LICENCIA A GENERARSE EN EL 2020<br \/>\nMediante acuerdo entre empleado y empleador, se podr\u00e1 adelantar la licencia a devengarse en el a\u00f1o 2020<\/p>\n<p>RESOLUCION N\u00ba 55\/020 MTSS: https:\/\/www.ccisalto.com.uy\/sites\/default\/files\/2020-04\/Resolucion%2055-020%20MTSS%2020-03-2020.pdf<\/p>\n<p>DISPOSICIONES Y RECOMENDACIONES PARA EVITAR LA PROPAGACI\u00d3N DE COVID-19 EN LUGARES DE TRABAJO<br \/>\nDistribuci\u00f3n de material informativo a trabajadores referente a medidas de prevenci\u00f3n, control y actuaci\u00f3n emitidas por el MSP<br \/>\nProveer material de higiene (alcohol, guantes, mascarillas)<br \/>\nMantener lugares y equipos de trabajo limpios e higienizados<br \/>\nIndicar que el uso de art\u00edculos de uso personal no deben compartirse (mate, cubiertos, vajilla)<br \/>\nMantener limpios equipos que proyectan aire, tales como secadores de mano, aire acondicionado y ventilador<br \/>\nIndicar a trabajadores el lavado frecuente de manos con agua y jab\u00f3n o alcohol en gel, coloc\u00e1ndose carteleria informativa el lugar visible<br \/>\nAsegurar el suministro de implementos de lavado y desinfecci\u00f3n de manos<br \/>\nColocar dispensadores de alcohol en gel en lugares visibles<br \/>\nIndicar que al toser o estornudar, se debe cubrir la boca y nariz con el pliegue del codo o con un pa\u00f1uelo descartable<br \/>\nEl trabajo debe organizarse de forma que entre trabajadores y\/o p\u00fablico se mantenga distancia mayor a un metro y medio<br \/>\nEvitar la concentraci\u00f3n de personas<br \/>\nEl trabajador que presente s\u00edntomas respiratorios deben permanecer en domicilio y realizar consulta a su prestador de salud para que determine si corresponde certificaci\u00f3n m\u00e9dica<\/p>\n<p>RESOLUCI\u00d3N 54\/020 MTSS: https:\/\/www.ccisalto.com.uy\/sites\/default\/files\/2020-03\/Resolucion%2054%20MTSS%20-%20CONASSAT%202020-03-19_0.pdf<\/p>\n<p>EMPLEADOS MAYORES A 65 A\u00d1OS<\/p>\n<p>Se les otorga subsidio por enfermedad, para que puedan permanecer en sus casas por un plazo m\u00e1ximo de 30 d\u00edas.<\/p>\n<p>Se extiende hasta el 30\/06\/2020<\/p>\n<p>DECRETO DEL 25\/03\/2020 S\/N: https:\/\/www.ccisalto.com.uy\/sites\/default\/files\/2020-04\/Decreto%20S-N%2025-03-2020.pdf<\/p>\n<p>DECRETO DEL 26\/05\/2020 S\/N: https:\/\/www.ccisalto.com.uy\/sites\/default\/files\/2020-06\/13.5%20DECRETO%2026-05-2020.pdf<\/p>\n<p>FACILIDADES ACCESO A SEGURO DE PARO POR SUSPENSI\u00d3N<br \/>\nAcceso a seguro de paro por suspensi\u00f3n (tradicional) para los empleados que tienen menos de 6 meses o 150 jornales en planilla<br \/>\nRESOLUCI\u00d3N S\/N MTSS<\/p>\n<p>TODAS LAS EMPRESAS CON O SIN EMPLEADOS<br \/>\nSIGA- SISTEMA NACIONAL DE GARANTIAS<br \/>\nPara empresas que necesitan acceder a financiamiento y no cuentan con garant\u00edas necesarias o suficientes para respaldar sus necesidades de cr\u00e9dito.<br \/>\nP\u00c1GINA DE SIGA<\/p>\n<p>CR\u00c9DITO PARA MIPYMES- PROGRAMA CR\u00c9DITO DIRIGIDO- ANDE<br \/>\nAquellas empresas que necesiten financiamiento, se otorgan cr\u00e9ditos con condiciones mejoradas. Debe dirigirse a las Instituciones de Intermediaci\u00f3n Financiera adheridas: Rep\u00fablica Micofinanzas, IPRU, FEDU<br \/>\nP\u00c1GINA DE ANDE<\/p>\n<p>VENCIMIENTOS DGI ABRIL<br \/>\nPr\u00f3rroga de determinados vencimientos y al r\u00e9gimen especial para la cancelaci\u00f3n de los pagos correspondientes<\/p>\n<p>RESOLUCI\u00d3N N\u00ba 707\/2020 DGI: https:\/\/www.ccisalto.com.uy\/sites\/default\/files\/2020-06\/13.3-%20RESOLUCION%20707-2020%20DGI.pdf<\/p>\n<p>RESOLUCI\u00d3N N\u00ba 718\/2020 DGI: https:\/\/www.ccisalto.com.uy\/sites\/default\/files\/2020-06\/13.4-%20RESOLUCION%20718-%202020%20DGI.pdf<\/p>\n<p>VENCIMIENTOS DGI MAYO<br \/>\nPr\u00f3rroga de determinados vencimientos y al r\u00e9gimen especial para la cancelaci\u00f3n de los pagos correspondientes<br \/>\nRESOLUCI\u00d3N N\u00ba 898\/2020 DGI<\/p>\n<p>TODAS LAS EMPRESAS CON HASTA 10 EMPLEADOS Y SIN EMPLEADOS INDUSTRIA Y COMERCIO<br \/>\nFACILIDADES PAGOS APORTES BPS<br \/>\nPara los aportes de los no dependientes correspondientes a los meses de marzo y abril a pagar en abril y mayo: el 60% del aporte se paga en seis cuotas iguales consecutivas a partir del mes de junio 2020. El 40% restante lo subsidia el Estado.<\/p>\n<p>COMUNICACI\u00d3N 11\/2020 BPS: https:\/\/www.ccisalto.com.uy\/sites\/default\/files\/2020-04\/Comunicado%2011-2020%20BPS.pdf<\/p>\n<p>EMPRESAS LITERAL E Y MONOTRIBUTISTAS<br \/>\nSEGURO POR CESE DE ACTIVIDAD- ANDE<br \/>\nPr\u00e9stamo de $12.000 por mes que se otorga en abril y mayo 2020. Se reintregra a partir de julio en 24 cuotas consecutivas en UI con los aportes al BPS que realiza la empresa.<\/p>\n<p>PAGINA DE ANDE: https:\/\/www.ande.org.uy\/noticias\/item\/nuevas-medidas-de-gobierno-para-micro-y-pequenos-empresarios-subsidio-y-seguro-por-cese-de-actividad.html<\/p>\n<p>EMPRESAS LITERAL E<br \/>\nIVA m\u00ednimo DGI no se paga en marzo ni en abril, se empieza a pagar en mayo 2020 en seis cuotas iguales consecutivas<\/p>\n<p>RESOLUCI\u00d3N N\u00ba 550\/2020 DGI: https:\/\/www.ccisalto.com.uy\/sites\/default\/files\/2020-04\/Resolucion%20550-2020%20DGI.pdf<\/p>\n<p>EMPRESAS MONOTRIBUTO MIDES<br \/>\nSe les entregar\u00e1 una partida de $6.800 por dos meses. Empresario no debe reintegrar<\/p>\n<p>P\u00c1GINA ANDE: https:\/\/www.ande.org.uy\/herramientas-de-apoyo-a-mipymes\/subsidio-directo.html<\/p>\n<p>Att.<\/p>\n<p>Dpto. de Comunicaciones<br \/>\nCentro Comercial e Industrial de Salto<br \/>\nArtigas 652 &#8211; Salto<br \/>\nTel. (598) 4733 2425* Fax. 4732 9915<br \/>\nE-mail: ccisalto@ccisalto.com.uy<br \/>\nwww.ccisalto.com.uy<\/p>\n","protected":false},"excerpt":{"rendered":"<p>TODAS LAS EMPRESAS CON EMPLEADOS SUBSIDIO POR DESEMPLEO Seguro de desempleo especial por reducci\u00f3n de horario (50% de reducci\u00f3n m\u00ednimo) o de jornales (6 jornales&#8230;<\/p>\n","protected":false},"author":10,"featured_media":7434,"parent":0,"menu_order":0,"comment_status":"closed","ping_status":"closed","template":"","meta":[],"_links":{"self":[{"href":"https:\/\/delparquefm.com\/press\/wp-json\/wp\/v2\/pages\/7771"}],"collection":[{"href":"https:\/\/delparquefm.com\/press\/wp-json\/wp\/v2\/pages"}],"about":[{"href":"https:\/\/delparquefm.com\/press\/wp-json\/wp\/v2\/types\/page"}],"author":[{"embeddable":true,"href":"https:\/\/delparquefm.com\/press\/wp-json\/wp\/v2\/users\/10"}],"replies":[{"embeddable":true,"href":"https:\/\/delparquefm.com\/press\/wp-json\/wp\/v2\/comments?post=7771"}],"version-history":[{"count":2,"href":"https:\/\/delparquefm.com\/press\/wp-json\/wp\/v2\/pages\/7771\/revisions"}],"predecessor-version":[{"id":7773,"href":"https:\/\/delparquefm.com\/press\/wp-json\/wp\/v2\/pages\/7771\/revisions\/7773"}],"wp:featuredmedia":[{"embeddable":true,"href":"https:\/\/delparquefm.com\/press\/wp-json\/wp\/v2\/media\/7434"}],"wp:attachment":[{"href":"https:\/\/delparquefm.com\/press\/wp-json\/wp\/v2\/media?parent=7771"}],"curies":[{"name":"wp","href":"https:\/\/api.w.org\/{rel}","templated":true}]}}